{"id":2036,"date":"2019-10-28T15:19:32","date_gmt":"2019-10-28T08:19:32","guid":{"rendered":"http:\/\/ykvn.amagumolabs.io\/contact\/"},"modified":"2025-07-31T10:18:24","modified_gmt":"2025-07-31T03:18:24","slug":"contact","status":"publish","type":"page","link":"http:\/\/52.74.48.161\/vi\/contact\/","title":{"rendered":"Li\u00ean h\u1ec7"},"content":{"rendered":"<div class=\"wpb-content-wrapper\">[mk_page_section bg_image=&#8221;https:\/\/ykvn-law.com\/wp-content\/uploads\/2019\/12\/contact.png&#8221; bg_position=&#8221;center center&#8221; bg_repeat=&#8221;no-repeat&#8221; bg_stretch=&#8221;true&#8221; min_height=&#8221;450&#8243; full_width=&#8221;true&#8221; padding_top=&#8221;0&#8243; el_class=&#8221;banner_zoom has-responsive-bg&#8221; sidebar=&#8221;sidebar-1&#8243;][vc_column][vc_row_inner is_fullwidth_content=&#8221;false&#8221;][vc_column_inner width=&#8221;1\/4&#8243;][\/vc_column_inner][vc_column_inner width=&#8221;1\/2&#8243; css=&#8221;.vc_custom_1616727186808{padding-right: 0px !important;padding-left: 0px !important;}&#8221;][vc_empty_space height=&#8221;150px&#8221;]\n<div class=\"wpcf7 no-js\" id=\"wpcf7-f4773-o1\" lang=\"en-US\" dir=\"ltr\" data-wpcf7-id=\"4773\">\n<div class=\"screen-reader-response\"><p role=\"status\" aria-live=\"polite\" aria-atomic=\"true\"><\/p> <ul><\/ul><\/div>\n<form action=\"\/vi\/wp-json\/wp\/v2\/pages\/2036#wpcf7-f4773-o1\" method=\"post\" class=\"wpcf7-form init\" aria-label=\"Contact form\" novalidate=\"novalidate\" data-status=\"init\">\n<fieldset class=\"hidden-fields-container\"><input type=\"hidden\" name=\"_wpcf7\" value=\"4773\" \/><input type=\"hidden\" name=\"_wpcf7_version\" value=\"6.1\" \/><input type=\"hidden\" name=\"_wpcf7_locale\" value=\"en_US\" \/><input type=\"hidden\" name=\"_wpcf7_unit_tag\" value=\"wpcf7-f4773-o1\" \/><input type=\"hidden\" name=\"_wpcf7_container_post\" value=\"0\" \/><input type=\"hidden\" name=\"_wpcf7_posted_data_hash\" value=\"\" \/><input type=\"hidden\" name=\"_wpcf7_recaptcha_response\" value=\"\" \/>\n<\/fieldset>\n<p><span class=\"wpcf7-form-control-wrap\" data-name=\"your-name\"><input size=\"32\" maxlength=\"400\" class=\"wpcf7-form-control wpcf7-text wpcf7-validates-as-required\" aria-required=\"true\" aria-invalid=\"false\" placeholder=\"T\u00ean\" value=\"\" type=\"text\" name=\"your-name\" \/><\/span><span class=\"wpcf7-form-control-wrap\" data-name=\"your-email\"><input size=\"32\" maxlength=\"400\" class=\"wpcf7-form-control wpcf7-email wpcf7-validates-as-required wpcf7-text wpcf7-validates-as-email\" aria-required=\"true\" aria-invalid=\"false\" placeholder=\"Email\" value=\"\" type=\"email\" name=\"your-email\" \/><\/span><br \/>\n<span class=\"wpcf7-form-control-wrap\" data-name=\"your-message\"><textarea cols=\"40\" rows=\"10\" maxlength=\"5000\" class=\"wpcf7-form-control wpcf7-textarea\" aria-invalid=\"false\" placeholder=\"N\u1ed9i dung\" name=\"your-message\"><\/textarea><\/span><br \/>\n<span class=\"wpcf7-character-count down\" data-target-name=\"your-message\" data-starting-value=\"5000\" data-current-value=\"5000\" data-maximum-value=\"5000\">5000<\/span>\n<\/p>\n<div class=\"quiz-submit quiz-bg-blue\">\n\t<p><span class=\"wpcf7-form-control-wrap\" data-name=\"quiz\"><label><span class=\"wpcf7-quiz-label\">1 + 1 =<\/span> <input size=\"40\" class=\"wpcf7-form-control wpcf7-quiz form-quiz\" autocomplete=\"off\" aria-required=\"true\" aria-invalid=\"false\" type=\"text\" name=\"quiz\" \/><\/label><input type=\"hidden\" name=\"_wpcf7_quiz_answer_quiz\" value=\"b71d089cd6008dea84ffe86ab360b69a\" \/><\/span>\n\t<\/p>\n<\/div>\n<p><input class=\"wpcf7-form-control wpcf7-submit has-spinner\" type=\"submit\" value=\"Li\u00ean h\u1ec7\" \/>\n<\/p><div class=\"wpcf7-response-output\" aria-hidden=\"true\"><\/div>\n<\/form>\n<\/div>\n[\/vc_column_inner][vc_column_inner width=&#8221;1\/4&#8243;][\/vc_column_inner][\/vc_row_inner][\/vc_column][\/mk_page_section][mk_page_section][vc_column][mk_padding_divider][vc_row_inner css=&#8221;.vc_custom_1572492312002{padding-top: 30px !important;padding-right: 30px !important;padding-bottom: 30px !important;padding-left: 30px !important;}&#8221;][vc_column_inner][vc_column_text css=&#8221;.vc_custom_1610699014114{margin-bottom: 0px !important;}&#8221;]\n<h2>Th\u00e0nh Ph\u1ed1 H\u00e0 N\u1ed9i<\/h2>\n[\/vc_column_text][mk_custom_box padding_horizental=&#8221;30&#8243; margin_bottom=&#8221;0&#8243; bg_color=&#8221;#f0f4f4&#8243;][mk_contact_info phone=&#8221;(84-24) 3934 5410&#8243; fax=&#8221;(84-24) 3934 5412&#8243; email=&#8221;nam.diep@ykvn-law.com&#8221; person=&#8221;Di\u1ec7p Ho\u00e0i Nam&#8221;][vc_column_text align=&#8221;right&#8221; css=&#8221;.vc_custom_1751364110875{margin-bottom: 0px !important;}&#8221;]V1601-04, Pacific Place<br \/>\n83B L\u00fd Th\u01b0\u1eddng Ki\u1ec7t<br \/>\nPh\u01b0\u1eddng C\u1eeda Nam, H\u00e0 N\u1ed9i, Vi\u1ec7t Nam<br \/>\n\u0110T: (84-24) 3934 5410[\/vc_column_text][\/mk_custom_box][vc_gmaps link=&#8221;#E-8_JTNDaWZyYW1lJTIwc3JjJTNEJTIyaHR0cHMlM0ElMkYlMkZ3d3cuZ29vZ2xlLmNvbSUyRm1hcHMlMkZlbWJlZCUzRnBiJTNEJTIxMW0xOCUyMTFtMTIlMjExbTMlMjExZDM3MjQuMTk0MjYzMDAzMTE5JTIxMmQxMDUuODQxMTc1MjQ5ODM5NiUyMTNkMjEuMDI0OTExNjg1OTMxNzMlMjEybTMlMjExZjAlMjEyZjAlMjEzZjAlMjEzbTIlMjExaTEwMjQlMjEyaTc2OCUyMTRmMTMuMSUyMTNtMyUyMTFtMiUyMTFzMHgzMTM1YWI5MGQ1NzYwNDI1JTI1M0EweDQ4ZDBmMWRmYTQ0YTY0MTElMjEyek9ETmlJRXpEdlNCVWFNYXc0YnVkYm1jZ1Mybmh1NGQwTENCRDRidXRZU0JPWVcwc0lFaHZ3NkJ1SUV0cDRicV9iU3dnU01PZ0lFN2h1NWxwTENCV2FXVjBibUZ0JTIxNWUwJTIxM20yJTIxMXNlbiUyMTJzJTIxNHYxNjIwMTExNjg0MDg0JTIxNW0yJTIxMXNlbiUyMTJzJTIyJTIwd2lkdGglM0QlMjI2MDAlMjIlMjBoZWlnaHQlM0QlMjI0NTAlMjIlMjBmcmFtZWJvcmRlciUzRCUyMjAlMjIlMjBzdHlsZSUzRCUyMmJvcmRlciUzQTAlM0IlMjIlMjBhbGxvd2Z1bGxzY3JlZW4lM0QlMjIlMjIlMjBhcmlhLWhpZGRlbiUzRCUyMmZhbHNlJTIyJTIwdGFiaW5kZXglM0QlMjIwJTIyJTNFJTNDJTJGaWZyYW1lJTNF&#8221; size=&#8221;250&#8243; css=&#8221;.vc_custom_1620111834731{margin-top: 0px !important;margin-right: 0px !important;margin-bottom: 0px !important;margin-left: 0px !important;border-top-width: 0px !important;border-right-width: 0px !important;border-bottom-width: 0px !important;border-left-width: 0px !important;padding-top: 0px !important;padding-right: 0px !important;padding-bottom: 0px !important;padding-left: 0px !important;}&#8221;][mk_button dimension=&#8221;flat&#8221; size=&#8221;large&#8221; url=&#8221;\/offices\/ha-noi\/&#8221; align=&#8221;center&#8221; margin_bottom=&#8221;0&#8243; margin_right=&#8221;0&#8243; el_class=&#8221;contact-map-button&#8221; bg_color=&#8221;#223c7e&#8221; btn_hover_bg=&#8221;#e51f2d&#8221;]V\u0103n Ph\u00f2ng H\u00e0 N\u1ed9i[\/mk_button][\/vc_column_inner][\/vc_row_inner][mk_padding_divider size=&#8221;20&#8243;][vc_row_inner css=&#8221;.vc_custom_1572492312002{padding-top: 30px !important;padding-right: 30px !important;padding-bottom: 30px !important;padding-left: 30px !important;}&#8221;][vc_column_inner][vc_column_text css=&#8221;.vc_custom_1610698800085{margin-bottom: 0px !important;}&#8221;]\n<h2>Th\u00e0nh Ph\u1ed1 H\u1ed3 Ch\u00ed Minh<\/h2>\n[\/vc_column_text][mk_custom_box padding_horizental=&#8221;30&#8243; margin_bottom=&#8221;0&#8243; bg_color=&#8221;#f0f4f4&#8243;][mk_contact_info phone=&#8221;(84-28) 3822 3155&#8243; fax=&#8221;(84-28) 3823 6902&#8243; email=&#8221;quang.truong@ykvn-law.com&#8221; person=&#8221;Tr\u01b0\u01a1ng Nh\u1eadt Quang&#8221;][vc_column_text align=&#8221;right&#8221; css=&#8221;.vc_custom_1751364117371{margin-bottom: 0px !important;}&#8221;]Ph\u00f2ng 1102, L\u1ea7u 11, The Metropolitan<br \/>\n235 \u0110\u1ed3ng Kh\u1edfi, Ph\u01b0\u1eddng S\u00e0i G\u00f2n,<br \/>\nTh\u00e0nh Ph\u1ed1 H\u1ed3 Ch\u00ed Minh, Vi\u1ec7t Nam<br \/>\n\u0110T: (84-28) 3822 3155[\/vc_column_text][\/mk_custom_box][vc_gmaps link=&#8221;#E-8_JTNDaWZyYW1lJTIwc3JjJTNEJTIyaHR0cHMlM0ElMkYlMkZ3d3cuZ29vZ2xlLmNvbSUyRm1hcHMlMkZlbWJlZCUzRnBiJTNEJTIxMW0xOCUyMTFtMTIlMjExbTMlMjExZDM5MTkuNDI3NTUyMDczMjE3NiUyMTJkMTA2LjY5Nzg2NTMxNTQxOTY1JTIxM2QxMC43Nzg1MjkyNjIxMDA3MSUyMTJtMyUyMTFmMCUyMTJmMCUyMTNmMCUyMTNtMiUyMTFpMTAyNCUyMTJpNzY4JTIxNGYxMy4xJTIxM20zJTIxMW0yJTIxMXMweDMxNzUyZjQ4MDM1NDkyOGIlMjUzQTB4ODY4Y2Y1OTI0MmEwYzQ4ZiUyMTJzWUtWTiUyNTIwTGF3eWVycyUyMTVlMCUyMTNtMiUyMTFzZW4lMjEycyUyMTR2MTU3NDkyODM0NDU4OCUyMTVtMiUyMTFzZW4lMjEycyUyMiUyMHdpZHRoJTNEJTIyODAwJTIyJTIwaGVpZ2h0JTNEJTIyNDUwJTIyJTIwZnJhbWVib3JkZXIlM0QlMjIwJTIyJTIwc3R5bGUlM0QlMjJib3JkZXIlM0EwJTNCJTIyJTIwYWxsb3dmdWxsc2NyZWVuJTNEJTIyJTIyJTNFJTNDJTJGaWZyYW1lJTNF&#8221; size=&#8221;250&#8243; css=&#8221;.vc_custom_1574928362214{margin-top: 0px !important;margin-right: 0px !important;margin-bottom: 0px !important;margin-left: 0px !important;border-top-width: 0px !important;border-right-width: 0px !important;border-bottom-width: 0px !important;border-left-width: 0px !important;padding-top: 0px !important;padding-right: 0px !important;padding-bottom: 0px !important;padding-left: 0px !important;}&#8221;][mk_button dimension=&#8221;flat&#8221; size=&#8221;large&#8221; url=&#8221;\/offices\/ho-chi-minh-city\/&#8221; align=&#8221;center&#8221; margin_bottom=&#8221;0&#8243; margin_right=&#8221;0&#8243; el_class=&#8221;contact-map-button&#8221; bg_color=&#8221;#223c7e&#8221; btn_hover_bg=&#8221;#e51f2d&#8221;]V\u0103n Ph\u00f2ng Th\u00e0nh Ph\u1ed1 H\u1ed3 Ch\u00ed Minh[\/mk_button][\/vc_column_inner][\/vc_row_inner][mk_padding_divider size=&#8221;20&#8243;][vc_row_inner css=&#8221;.vc_custom_1572492312002{padding-top: 30px !important;padding-right: 30px !important;padding-bottom: 30px !important;padding-left: 30px !important;}&#8221;][vc_column_inner][vc_column_text css=&#8221;.vc_custom_1572492749110{margin-bottom: 0px !important;}&#8221;]\n<h2>Singapore<\/h2>\n[\/vc_column_text][mk_custom_box padding_horizental=&#8221;30&#8243; margin_bottom=&#8221;0&#8243; bg_color=&#8221;#f0f4f4&#8243;][mk_contact_info phone=&#8221;(65) 6908 2488&#8243; fax=&#8221;(65) 6634 1434&#8243; email=&#8221;minh.dang@ykvn-law.com&#8221; person=&#8221;\u0110\u1eb7ng Kh\u1ea3i Minh&#8221;][vc_column_text align=&#8221;right&#8221; css=&#8221;.vc_custom_1753931868789{margin-bottom: 0px !important;}&#8221;]Suite 35-08 Ocean Financial Centre<br \/>\n10 Collyer Quay<br \/>\nSingapore 049315<br \/>\n\u0110T: (65) 6908 2480[\/vc_column_text][\/mk_custom_box][vc_gmaps link=&#8221;#E-8_JTNDaWZyYW1lJTIwc3JjJTNEJTIyaHR0cHMlM0ElMkYlMkZ3d3cuZ29vZ2xlLmNvbSUyRm1hcHMlMkZlbWJlZCUzRnBiJTNEJTIxMW0xOCUyMTFtMTIlMjExbTMlMjExZDM5ODguODE4MDQwNDcyNTIxNyUyMTJkMTAzLjg0OTg0MTcxNTQxODI4JTIxM2QxLjI4MzAxMjU2MjE0MjMxNTQlMjEybTMlMjExZjAlMjEyZjAlMjEzZjAlMjEzbTIlMjExaTEwMjQlMjEyaTc2OCUyMTRmMTMuMSUyMTNtMyUyMTFtMiUyMTFzMHgzMWRhMTkwZWViNGJhNjI1JTI1M0EweGU0ZGE5MGFmZTM0N2IwYzQlMjEyc1lLVk4lMjE1ZTAlMjEzbTIlMjExc2VuJTIxMnMlMjE0djE1NzQ5MjgzNzQ0MDIlMjE1bTIlMjExc2VuJTIxMnMlMjIlMjB3aWR0aCUzRCUyMjgwMCUyMiUyMGhlaWdodCUzRCUyMjQ1MCUyMiUyMGZyYW1lYm9yZGVyJTNEJTIyMCUyMiUyMHN0eWxlJTNEJTIyYm9yZGVyJTNBMCUzQiUyMiUyMGFsbG93ZnVsbHNjcmVlbiUzRCUyMiUyMiUzRSUzQyUyRmlmcmFtZSUzRQ==&#8221; size=&#8221;250&#8243; css=&#8221;.vc_custom_1574928387636{margin-top: 0px !important;margin-right: 0px !important;margin-bottom: 0px !important;margin-left: 0px !important;border-top-width: 0px !important;border-right-width: 0px !important;border-bottom-width: 0px !important;border-left-width: 0px !important;padding-top: 0px !important;padding-right: 0px !important;padding-bottom: 0px !important;padding-left: 0px !important;}&#8221;][mk_button dimension=&#8221;flat&#8221; size=&#8221;large&#8221; url=&#8221;\/offices\/singapore\/&#8221; align=&#8221;center&#8221; margin_bottom=&#8221;0&#8243; margin_right=&#8221;0&#8243; el_class=&#8221;contact-map-button&#8221; bg_color=&#8221;#223c7e&#8221; btn_hover_bg=&#8221;#e51f2d&#8221;]V\u0103n Ph\u00f2ng Singapore[\/mk_button][\/vc_column_inner][\/vc_row_inner][mk_padding_divider][\/vc_column][\/mk_page_section]\n<\/div>","protected":false},"excerpt":{"rendered":"<p>[mk_page_section bg_image=&#8221;https:\/\/ykvn-law.com\/wp-content\/uploads\/2019\/12\/contact.png&#8221; bg_position=&#8221;center center&#8221; bg_repeat=&#8221;no-repeat&#8221; bg_stretch=&#8221;true&#8221; min_height=&#8221;450&#8243; full_width=&#8221;true&#8221; padding_top=&#8221;0&#8243; el_class=&#8221;banner_zoom has-responsive-bg&#8221; sidebar=&#8221;sidebar-1&#8243;][vc_column][vc_row_inner is_fullwidth_content=&#8221;false&#8221;][vc_column_inner width=&#8221;1\/4&#8243;][\/vc_column_inner][vc_column_inner width=&#8221;1\/2&#8243; css=&#8221;.vc_custom_1616727186808{padding-right: 0px !important;padding-left: 0px !important;}&#8221;][vc_empty_space height=&#8221;150px&#8221;][\/vc_column_inner][vc_column_inner width=&#8221;1\/4&#8243;][\/vc_column_inner][\/vc_row_inner][\/vc_column][\/mk_page_section][mk_page_section][vc_column][mk_padding_divider][vc_row_inner css=&#8221;.vc_custom_1572492312002{padding-top: 30px !important;padding-right: 30px !important;padding-bottom: 30px !important;padding-left: 30px !important;}&#8221;][vc_column_inner][vc_column_text css=&#8221;.vc_custom_1610699014114{margin-bottom: 0px !important;}&#8221;] Th\u00e0nh Ph\u1ed1 H\u00e0 N\u1ed9i [\/vc_column_text][mk_custom_box padding_horizental=&#8221;30&#8243; margin_bottom=&#8221;0&#8243; bg_color=&#8221;#f0f4f4&#8243;][mk_contact_info phone=&#8221;(84-24) 3934 5410&#8243; fax=&#8221;(84-24) 3934 5412&#8243; email=&#8221;nam.diep@ykvn-law.com&#8221; person=&#8221;Di\u1ec7p Ho\u00e0i Nam&#8221;][vc_column_text align=&#8221;right&#8221; css=&#8221;.vc_custom_1751364110875{margin-bottom: 0px [&hellip;]<\/p>\n","protected":false},"author":2,"featured_media":0,"parent":0,"menu_order":0,"comment_status":"closed","ping_status":"closed","template":"","meta":{"_acf_changed":false,"footnotes":""},"class_list":["post-2036","page","type-page","status-publish","hentry"],"acf":[],"yoast_head":"<!-- This site is optimized with the Yoast SEO plugin v25.3.1 - https:\/\/yoast.com\/wordpress\/plugins\/seo\/ -->\n<title>Li\u00ean h\u1ec7 - YKVN<\/title>\n<meta name=\"robots\" content=\"index, follow, max-snippet:-1, max-image-preview:large, max-video-preview:-1\" \/>\n<link rel=\"canonical\" href=\"https:\/\/ykvn-law.com\/vi\/contact\/\" \/>\n<meta property=\"og:locale\" content=\"vi_VN\" \/>\n<meta property=\"og:type\" content=\"article\" \/>\n<meta property=\"og:title\" content=\"Li\u00ean h\u1ec7 - YKVN\" \/>\n<meta property=\"og:description\" content=\"[mk_page_section bg_image=&#8221;https:\/\/ykvn-law.com\/wp-content\/uploads\/2019\/12\/contact.png&#8221; bg_position=&#8221;center center&#8221; bg_repeat=&#8221;no-repeat&#8221; bg_stretch=&#8221;true&#8221; min_height=&#8221;450&#8243; full_width=&#8221;true&#8221; padding_top=&#8221;0&#8243; el_class=&#8221;banner_zoom has-responsive-bg&#8221; sidebar=&#8221;sidebar-1&#8243;][vc_column][vc_row_inner is_fullwidth_content=&#8221;false&#8221;][vc_column_inner width=&#8221;1\/4&#8243;][\/vc_column_inner][vc_column_inner width=&#8221;1\/2&#8243; css=&#8221;.vc_custom_1616727186808{padding-right: 0px !important;padding-left: 0px !important;}&#8221;][vc_empty_space height=&#8221;150px&#8221;][\/vc_column_inner][vc_column_inner width=&#8221;1\/4&#8243;][\/vc_column_inner][\/vc_row_inner][\/vc_column][\/mk_page_section][mk_page_section][vc_column][mk_padding_divider][vc_row_inner css=&#8221;.vc_custom_1572492312002{padding-top: 30px !important;padding-right: 30px !important;padding-bottom: 30px !important;padding-left: 30px !important;}&#8221;][vc_column_inner][vc_column_text css=&#8221;.vc_custom_1610699014114{margin-bottom: 0px !important;}&#8221;] Th\u00e0nh Ph\u1ed1 H\u00e0 N\u1ed9i [\/vc_column_text][mk_custom_box padding_horizental=&#8221;30&#8243; margin_bottom=&#8221;0&#8243; bg_color=&#8221;#f0f4f4&#8243;][mk_contact_info phone=&#8221;(84-24) 3934 5410&#8243; fax=&#8221;(84-24) 3934 5412&#8243; email=&#8221;nam.diep@ykvn-law.com&#8221; person=&#8221;Di\u1ec7p Ho\u00e0i Nam&#8221;][vc_column_text align=&#8221;right&#8221; css=&#8221;.vc_custom_1751364110875{margin-bottom: 0px [&hellip;]\" \/>\n<meta property=\"og:url\" content=\"https:\/\/ykvn-law.com\/vi\/contact\/\" \/>\n<meta property=\"og:site_name\" content=\"YKVN\" \/>\n<meta property=\"article:publisher\" content=\"https:\/\/www.facebook.com\/ykvnlawyers\" \/>\n<meta property=\"article:modified_time\" content=\"2025-07-31T03:18:24+00:00\" \/>\n<meta name=\"twitter:card\" content=\"summary_large_image\" \/>\n<meta name=\"twitter:label1\" content=\"Est. reading time\" \/>\n\t<meta name=\"twitter:data1\" content=\"2 minutes\" \/>\n<script type=\"application\/ld+json\" class=\"yoast-schema-graph\">{\"@context\":\"https:\/\/schema.org\",\"@graph\":[{\"@type\":\"WebPage\",\"@id\":\"https:\/\/ykvn-law.com\/vi\/contact\/\",\"url\":\"https:\/\/ykvn-law.com\/vi\/contact\/\",\"name\":\"Li\u00ean h\u1ec7 - YKVN\",\"isPartOf\":{\"@id\":\"https:\/\/ykvn-law.com\/vi\/#website\"},\"datePublished\":\"2019-10-28T08:19:32+00:00\",\"dateModified\":\"2025-07-31T03:18:24+00:00\",\"breadcrumb\":{\"@id\":\"https:\/\/ykvn-law.com\/vi\/contact\/#breadcrumb\"},\"inLanguage\":\"vi-VN\",\"potentialAction\":[{\"@type\":\"ReadAction\",\"target\":[\"https:\/\/ykvn-law.com\/vi\/contact\/\"]}]},{\"@type\":\"BreadcrumbList\",\"@id\":\"https:\/\/ykvn-law.com\/vi\/contact\/#breadcrumb\",\"itemListElement\":[{\"@type\":\"ListItem\",\"position\":1,\"name\":\"Home\",\"item\":\"https:\/\/ykvn-law.com\/vi\/\"},{\"@type\":\"ListItem\",\"position\":2,\"name\":\"Li\u00ean h\u1ec7\"}]},{\"@type\":\"WebSite\",\"@id\":\"https:\/\/ykvn-law.com\/vi\/#website\",\"url\":\"https:\/\/ykvn-law.com\/vi\/\",\"name\":\"YKVN\",\"description\":\"\",\"publisher\":{\"@id\":\"https:\/\/ykvn-law.com\/vi\/#organization\"},\"potentialAction\":[{\"@type\":\"SearchAction\",\"target\":{\"@type\":\"EntryPoint\",\"urlTemplate\":\"https:\/\/ykvn-law.com\/vi\/?s={search_term_string}\"},\"query-input\":{\"@type\":\"PropertyValueSpecification\",\"valueRequired\":true,\"valueName\":\"search_term_string\"}}],\"inLanguage\":\"vi-VN\"},{\"@type\":\"Organization\",\"@id\":\"https:\/\/ykvn-law.com\/vi\/#organization\",\"name\":\"YKVN\",\"url\":\"https:\/\/ykvn-law.com\/vi\/\",\"logo\":{\"@type\":\"ImageObject\",\"inLanguage\":\"vi-VN\",\"@id\":\"https:\/\/ykvn-law.com\/vi\/#\/schema\/logo\/image\/\",\"url\":\"https:\/\/s3.ap-southeast-1.amazonaws.com\/ykvn-law.com\/wp-content\/uploads\/2019\/11\/ykvn-logo-for-design-gutters.png\",\"contentUrl\":\"https:\/\/s3.ap-southeast-1.amazonaws.com\/ykvn-law.com\/wp-content\/uploads\/2019\/11\/ykvn-logo-for-design-gutters.png\",\"width\":2571,\"height\":1649,\"caption\":\"YKVN\"},\"image\":{\"@id\":\"https:\/\/ykvn-law.com\/vi\/#\/schema\/logo\/image\/\"},\"sameAs\":[\"https:\/\/www.facebook.com\/ykvnlawyers\"]}]}<\/script>\n<!-- \/ Yoast SEO plugin. -->","yoast_head_json":{"title":"Li\u00ean h\u1ec7 - YKVN","robots":{"index":"index","follow":"follow","max-snippet":"max-snippet:-1","max-image-preview":"max-image-preview:large","max-video-preview":"max-video-preview:-1"},"canonical":"https:\/\/ykvn-law.com\/vi\/contact\/","og_locale":"vi_VN","og_type":"article","og_title":"Li\u00ean h\u1ec7 - YKVN","og_description":"[mk_page_section bg_image=&#8221;https:\/\/ykvn-law.com\/wp-content\/uploads\/2019\/12\/contact.png&#8221; bg_position=&#8221;center center&#8221; bg_repeat=&#8221;no-repeat&#8221; bg_stretch=&#8221;true&#8221; min_height=&#8221;450&#8243; full_width=&#8221;true&#8221; padding_top=&#8221;0&#8243; el_class=&#8221;banner_zoom has-responsive-bg&#8221; sidebar=&#8221;sidebar-1&#8243;][vc_column][vc_row_inner is_fullwidth_content=&#8221;false&#8221;][vc_column_inner width=&#8221;1\/4&#8243;][\/vc_column_inner][vc_column_inner width=&#8221;1\/2&#8243; css=&#8221;.vc_custom_1616727186808{padding-right: 0px !important;padding-left: 0px !important;}&#8221;][vc_empty_space height=&#8221;150px&#8221;][\/vc_column_inner][vc_column_inner width=&#8221;1\/4&#8243;][\/vc_column_inner][\/vc_row_inner][\/vc_column][\/mk_page_section][mk_page_section][vc_column][mk_padding_divider][vc_row_inner css=&#8221;.vc_custom_1572492312002{padding-top: 30px !important;padding-right: 30px !important;padding-bottom: 30px !important;padding-left: 30px !important;}&#8221;][vc_column_inner][vc_column_text css=&#8221;.vc_custom_1610699014114{margin-bottom: 0px !important;}&#8221;] Th\u00e0nh Ph\u1ed1 H\u00e0 N\u1ed9i [\/vc_column_text][mk_custom_box padding_horizental=&#8221;30&#8243; margin_bottom=&#8221;0&#8243; bg_color=&#8221;#f0f4f4&#8243;][mk_contact_info phone=&#8221;(84-24) 3934 5410&#8243; fax=&#8221;(84-24) 3934 5412&#8243; email=&#8221;nam.diep@ykvn-law.com&#8221; person=&#8221;Di\u1ec7p Ho\u00e0i Nam&#8221;][vc_column_text align=&#8221;right&#8221; css=&#8221;.vc_custom_1751364110875{margin-bottom: 0px [&hellip;]","og_url":"https:\/\/ykvn-law.com\/vi\/contact\/","og_site_name":"YKVN","article_publisher":"https:\/\/www.facebook.com\/ykvnlawyers","article_modified_time":"2025-07-31T03:18:24+00:00","twitter_card":"summary_large_image","twitter_misc":{"Est. reading time":"2 minutes"},"schema":{"@context":"https:\/\/schema.org","@graph":[{"@type":"WebPage","@id":"https:\/\/ykvn-law.com\/vi\/contact\/","url":"https:\/\/ykvn-law.com\/vi\/contact\/","name":"Li\u00ean h\u1ec7 - YKVN","isPartOf":{"@id":"https:\/\/ykvn-law.com\/vi\/#website"},"datePublished":"2019-10-28T08:19:32+00:00","dateModified":"2025-07-31T03:18:24+00:00","breadcrumb":{"@id":"https:\/\/ykvn-law.com\/vi\/contact\/#breadcrumb"},"inLanguage":"vi-VN","potentialAction":[{"@type":"ReadAction","target":["https:\/\/ykvn-law.com\/vi\/contact\/"]}]},{"@type":"BreadcrumbList","@id":"https:\/\/ykvn-law.com\/vi\/contact\/#breadcrumb","itemListElement":[{"@type":"ListItem","position":1,"name":"Home","item":"https:\/\/ykvn-law.com\/vi\/"},{"@type":"ListItem","position":2,"name":"Li\u00ean h\u1ec7"}]},{"@type":"WebSite","@id":"https:\/\/ykvn-law.com\/vi\/#website","url":"https:\/\/ykvn-law.com\/vi\/","name":"YKVN","description":"","publisher":{"@id":"https:\/\/ykvn-law.com\/vi\/#organization"},"potentialAction":[{"@type":"SearchAction","target":{"@type":"EntryPoint","urlTemplate":"https:\/\/ykvn-law.com\/vi\/?s={search_term_string}"},"query-input":{"@type":"PropertyValueSpecification","valueRequired":true,"valueName":"search_term_string"}}],"inLanguage":"vi-VN"},{"@type":"Organization","@id":"https:\/\/ykvn-law.com\/vi\/#organization","name":"YKVN","url":"https:\/\/ykvn-law.com\/vi\/","logo":{"@type":"ImageObject","inLanguage":"vi-VN","@id":"https:\/\/ykvn-law.com\/vi\/#\/schema\/logo\/image\/","url":"https:\/\/s3.ap-southeast-1.amazonaws.com\/ykvn-law.com\/wp-content\/uploads\/2019\/11\/ykvn-logo-for-design-gutters.png","contentUrl":"https:\/\/s3.ap-southeast-1.amazonaws.com\/ykvn-law.com\/wp-content\/uploads\/2019\/11\/ykvn-logo-for-design-gutters.png","width":2571,"height":1649,"caption":"YKVN"},"image":{"@id":"https:\/\/ykvn-law.com\/vi\/#\/schema\/logo\/image\/"},"sameAs":["https:\/\/www.facebook.com\/ykvnlawyers"]}]}},"_links":{"self":[{"href":"http:\/\/52.74.48.161\/vi\/wp-json\/wp\/v2\/pages\/2036","targetHints":{"allow":["GET"]}}],"collection":[{"href":"http:\/\/52.74.48.161\/vi\/wp-json\/wp\/v2\/pages"}],"about":[{"href":"http:\/\/52.74.48.161\/vi\/wp-json\/wp\/v2\/types\/page"}],"author":[{"embeddable":true,"href":"http:\/\/52.74.48.161\/vi\/wp-json\/wp\/v2\/users\/2"}],"replies":[{"embeddable":true,"href":"http:\/\/52.74.48.161\/vi\/wp-json\/wp\/v2\/comments?post=2036"}],"version-history":[{"count":3,"href":"http:\/\/52.74.48.161\/vi\/wp-json\/wp\/v2\/pages\/2036\/revisions"}],"predecessor-version":[{"id":16323,"href":"http:\/\/52.74.48.161\/vi\/wp-json\/wp\/v2\/pages\/2036\/revisions\/16323"}],"wp:attachment":[{"href":"http:\/\/52.74.48.161\/vi\/wp-json\/wp\/v2\/media?parent=2036"}],"curies":[{"name":"wp","href":"https:\/\/api.w.org\/{rel}","templated":true}]}}