{"id":2038,"date":"2019-10-28T15:18:55","date_gmt":"2019-10-28T08:18:55","guid":{"rendered":"http:\/\/ykvn.amagumolabs.io\/join-ykvn\/"},"modified":"2021-03-15T16:09:38","modified_gmt":"2021-03-15T09:09:38","slug":"join-ykvn","status":"publish","type":"page","link":"http:\/\/52.74.48.161\/vi\/join-ykvn\/","title":{"rendered":"Gia nh\u1eadp YKVN"},"content":{"rendered":"<div class=\"wpb-content-wrapper\">[mk_page_section bg_image=&#8221;https:\/\/ykvn-law.com\/wp-content\/uploads\/2019\/12\/join-us-1.png&#8221; bg_position=&#8221;center center&#8221; bg_repeat=&#8221;no-repeat&#8221; bg_stretch=&#8221;true&#8221; min_height=&#8221;450&#8243; padding_top=&#8221;0&#8243; el_class=&#8221;banner_zoom has-responsive-bg&#8221; sidebar=&#8221;sidebar-1&#8243;][vc_column][mk_custom_box padding_horizental=&#8221;50&#8243; margin_bottom=&#8221;0&#8243; el_class=&#8221;hero-box&#8221; bg_color=&#8221;rgba(255,255,255,0.5)&#8221;][mk_fancy_title tag_name=&#8221;span&#8221; color=&#8221;#004989&#8243; size=&#8221;24&#8243; font_weight=&#8221;400&#8243; font_style=&#8221;normal&#8221; txt_transform=&#8221;none&#8221; margin_bottom=&#8221;0&#8243; font_family=&#8221;none&#8221; responsive_align=&#8221;left&#8221; el_class=&#8221;mb-0 hero-block-before&#8221;]\n<p style=\"text-align: center;\"><em>&#8220;Cam k\u1ebft d\u1ecbch v\u1ee5 ph\u00e1p l\u00fd xu\u1ea5t s\u1eafc&#8221;<\/em><\/p>\n[\/mk_fancy_title][\/mk_custom_box][\/vc_column][\/mk_page_section][mk_page_section][vc_column][mk_padding_divider][vc_row_inner column_padding=&#8221;5&#8243;][vc_column_inner el_class=&#8221;spacing-right&#8221; width=&#8221;2\/3&#8243;][vc_column_text css=&#8221;.vc_custom_1604979077029{margin-bottom: 0px !important;}&#8221;]\n<h1>Ph\u00e1t tri\u1ec3n s\u1ef1 nghi\u1ec7p<\/h1>\n<p>Vi\u1ec7c tuy\u1ec3n d\u1ee5ng nh\u1eefng sinh vi\u00ean lu\u1eadt tri\u1ec3n v\u1ecdng nh\u1ea5t ho\u1eb7c c\u00e1c lu\u1eadt s\u01b0 c\u00f3 kinh nghi\u1ec7m v\u00e0 b\u1ed3i \u0111\u1eafp qu\u00e1 tr\u00ecnh ph\u00e1t tri\u1ec3n c\u1ee7a c\u00e1c sinh vi\u00ean c\u0169ng nh\u01b0 c\u00e1c lu\u1eadt s\u01b0 n\u00e0y l\u00e0 nh\u1eefng y\u1ebfu t\u1ed1 quan tr\u1ecdng trong cam k\u1ebft c\u1ee7a YKVN \u0111\u1ed1i v\u1edbi vi\u1ec7c duy tr\u00ec tr\u00ecnh \u0111\u1ed9 chuy\u00ean m\u00f4n ph\u00e1p l\u00fd n\u1ed5i b\u1eadt.<\/p>\n<p>C\u00e1c n\u1ed9i dung n\u1ed5i b\u1eadt trong ch\u01b0\u01a1ng tr\u00ecnh b\u1ed3i d\u01b0\u1ee1ng c\u1ee7a YKVN bao g\u1ed3m:<\/p>\n<h3>H\u1ecdc Vi\u1ec7n Ph\u00e1p Lu\u1eadt YKVN<\/h3>\n<p>H\u1ecdc Vi\u1ec7n Ph\u00e1p Lu\u1eadt YKVN (YKVN Law Academy) l\u00e0 m\u1ed9t ch\u01b0\u01a1ng tr\u00ecnh b\u1eaft bu\u1ed9c trong th\u1eddi gian 3 n\u0103m d\u00e0nh cho c\u00e1c lu\u1eadt s\u01b0 c\u1ed9ng s\u1ef1 l\u00e0m vi\u1ec7c t\u1ea1i t\u1ea5t c\u1ea3 c\u00e1c v\u0103n ph\u00f2ng YKVN. Ch\u01b0\u01a1ng tr\u00ecnh n\u00e0y nh\u1eb1m m\u1ee5c \u0111\u00edch c\u1ee7ng c\u1ed1 ki\u1ebfn th\u1ee9c v\u00e0 r\u00e8n luy\u1ec7n c\u00e1c k\u1ef9 n\u0103ng c\u1ea7n thi\u1ebft gi\u00fap c\u00e1c lu\u1eadt s\u01b0 c\u00f3 tri\u1ec3n v\u1ecdng ph\u00e1t tri\u1ec3n k\u1ef9 n\u0103ng h\u00e0nh ngh\u1ec1 n\u1ed5i b\u1eadt.<\/p>\n<p>Ch\u01b0\u01a1ng tr\u00ecnh \u0111\u00e0o t\u1ea1o bao g\u1ed3m n\u1ed9i dung t\u1ed5ng quan v\u1ec1 ngh\u1ec1 lu\u1eadt s\u01b0 \u1edf Vi\u1ec7t Nam, \u0111\u1ea1o \u0111\u1ee9c v\u00e0 tr\u00e1ch nhi\u1ec7m c\u1ee7a lu\u1eadt s\u01b0, k\u1ef9 n\u0103ng ph\u00e1p l\u00fd c\u01a1 b\u1ea3n, ph\u00e2n t\u00edch ph\u00e1p l\u00fd, t\u01b0 v\u1ea5n ph\u00e1p l\u00fd, k\u1ef9 n\u0103ng m\u1ec1m, qu\u1ea3n l\u00fd th\u1eddi gian, ph\u00e1t tri\u1ec3n kh\u00e1ch h\u00e0ng, v.v.<\/p>\n<p>C\u00e1c kh\u00eda c\u1ea1nh ph\u00e1p l\u00fd c\u1ee7a ch\u01b0\u01a1ng tr\u00ecnh t\u1eadp trung v\u00e0o t\u1ea5t c\u1ea3 c\u00e1c l\u0129nh v\u1ef1c h\u00e0nh ngh\u1ec1 ch\u1ee7 ch\u1ed1t, bao g\u1ed3m nh\u01b0ng kh\u00f4ng gi\u1edbi h\u1ea1n \u1edf mua b\u00e1n v\u00e0 s\u00e1p nh\u1eadp, ng\u00e2n h\u00e0ng, th\u1ecb tr\u01b0\u1eddng v\u1ed1n, t\u1ed1 t\u1ee5ng theo th\u1ee7 t\u1ee5c t\u00f2a \u00e1n, t\u1ed1 t\u1ee5ng theo th\u1ee7 t\u1ee5c tr\u1ecdng t\u00e0i VIAC, v.v.<\/p>\n<p>Trong n\u0103m th\u1ee9 nh\u1ea5t v\u00e0 n\u0103m th\u1ee9 hai, c\u00e1c lu\u1eadt s\u01b0 tr\u1ebb s\u1ebd \u0111\u01b0\u1ee3c \u0111\u00e0o t\u1ea1o chung. Trong n\u0103m th\u1ee9 ba, c\u00e1c lu\u1eadt s\u01b0 c\u00f3 th\u1ec3 l\u1ef1a ch\u1ecdn c\u00e1c l\u1edbp n\u00e2ng cao theo chuy\u00ean ng\u00e0nh y\u00eau th\u00edch. V\u00e0o cu\u1ed1i n\u0103m \u0111\u1ea7u ti\u00ean, lu\u1eadt s\u01b0 c\u00f3 \u0111i\u1ec3m trung b\u00ecnh cao nh\u1ea5t s\u1ebd \u0111\u01b0\u1ee3c t\u00e0i tr\u1ee3 tham gia kh\u00f3a \u0111\u00e0o t\u1ea1o t\u1ea1i UC Berkeley v\u00e0o m\u00f9a h\u00e8 n\u0103m sau.[\/vc_column_text][vc_separator color=&#8221;custom&#8221; accent_color=&#8221;#f0f4f4&#8243; css=&#8221;.vc_custom_1574927742229{padding-top: 25px !important;}&#8221;][vc_column_text css=&#8221;.vc_custom_1604979114104{margin-bottom: 0px !important;}&#8221;]\n<h3>C\u00e1c bu\u1ed5i h\u1ed9i th\u1ea3o chuy\u00ean s\u00e2u n\u1ed9i b\u1ed9<\/h3>\n<p>C\u00e1c chuy\u00ean vi\u00ean c\u1ea5p cao c\u1ee7a ch\u00fang t\u00f4i th\u01b0\u1eddng xuy\u00ean t\u1ed5 ch\u1ee9c c\u00e1c bu\u1ed5i h\u1ed9i th\u1ea3o n\u1ed9i b\u1ed9 \u0111\u1ec3 trao \u0111\u1ed5i v\u00e0 chia s\u1ebb chuy\u00ean s\u00e2u v\u1ec1 b\u1ea5t k\u1ef3 kh\u00eda c\u1ea1nh m\u1edbi, ph\u1ee9c t\u1ea1p ho\u1eb7c g\u00e2y tranh c\u00e3i n\u00e0o c\u1ee7a ph\u00e1p lu\u1eadt ho\u1eb7c vi\u1ec7c th\u1ef1c thi ph\u00e1p lu\u1eadt.<\/p>\n<p>C\u00e1c lu\u1eadt s\u01b0 c\u1ed9ng s\u1ef1 c\u1ee7a ch\u00fang t\u00f4i, qua \u0111\u00f3 c\u00f3 nhi\u1ec1u c\u01a1 h\u1ed9i gi\u00e1 tr\u1ecb \u0111\u1ec3 h\u1ecdc h\u1ecfi v\u00e0 thu th\u1eadp th\u00eam nhi\u1ec1u ki\u1ebfn th\u1ee9c chuy\u00ean m\u00f4n c\u0169ng nh\u01b0 kinh nghi\u1ec7m s\u00e2u r\u1ed9ng t\u1eeb ho\u1ea1t \u0111\u1ed9ng c\u1ee7a c\u00f4ng ty.[\/vc_column_text][vc_separator color=&#8221;custom&#8221; accent_color=&#8221;#f0f4f4&#8243; css=&#8221;.vc_custom_1574927742229{padding-top: 25px !important;}&#8221;][vc_column_text css=&#8221;.vc_custom_1604979144319{margin-bottom: 0px !important;}&#8221;]\n<h3>C\u00e1c bu\u1ed5i h\u1ed9i th\u1ea3o do chuy\u00ean vi\u00ean ph\u00e1p l\u00fd b\u00ean ngo\u00e0i ch\u1ee7 tr\u00ec<\/h3>\n<p>YKVN th\u01b0\u1eddng xuy\u00ean m\u1eddi c\u00e1c chuy\u00ean gia ngo\u00e0i h\u00e3ng lu\u1eadt tham gia \u0111\u00e0o t\u1ea1o ho\u1eb7c ch\u1ee7 tr\u00ec h\u1ed9i th\u1ea3o v\u1ec1 c\u00e1c k\u1ef9 n\u0103ng chuy\u00ean m\u00f4n c\u1ea7n thi\u1ebft cho c\u00e1c lu\u1eadt s\u01b0 c\u1ed9ng s\u1ef1 l\u00e0m vi\u1ec7c t\u1ea1i h\u00e3ng lu\u1eadt ch\u00fang t\u00f4i.<\/p>\n<p>Ch\u00fang t\u00f4i c\u0169ng khuy\u1ebfn kh\u00edch c\u00e1c c\u1ed9ng s\u1ef1 c\u1ee7a m\u00ecnh tham gia c\u00e1c kh\u00f3a \u0111\u00e0o t\u1ea1o, h\u1ed9i th\u1ea3o, h\u1ed9i ngh\u1ecb do c\u00e1c c\u01a1 quan Nh\u00e0 n\u01b0\u1edbc, c\u00e1c t\u1ed5 ch\u1ee9c ngh\u1ec1 nghi\u1ec7p h\u1ee3p ph\u00e1p trong v\u00e0 ngo\u00e0i n\u01b0\u1edbc t\u1ed5 ch\u1ee9c, v.v.<\/p>\n<p>Nh\u1eefng c\u01a1 h\u1ed9i n\u00e0y gi\u00fap nh\u00f3m lu\u1eadt s\u01b0 YKVN ph\u00e1t tri\u1ec3n c\u00e1c k\u1ef9 n\u0103ng ph\u00e1p l\u00fd c\u0169ng nh\u01b0 k\u1ef9 n\u0103ng c\u00e1 nh\u00e2n c\u00f9ng v\u1edbi kh\u1ea3 n\u0103ng h\u1ee3p t\u00e1c trong m\u00f4i tr\u01b0\u1eddng chuy\u00ean nghi\u1ec7p.[\/vc_column_text][vc_separator color=&#8221;custom&#8221; accent_color=&#8221;#f0f4f4&#8243; css=&#8221;.vc_custom_1574927742229{padding-top: 25px !important;}&#8221;][vc_column_text css=&#8221;.vc_custom_1604979166325{margin-bottom: 0px !important;}&#8221;]\n<h3>\u0110\u00e0o t\u1ea1o c\u01a1 b\u1ea3n<\/h3>\n<p>N\u1ed9i dung \u0111\u00e0o t\u1ea1o c\u01a1 b\u1ea3n c\u1ee7a YKVN \u0111\u01b0\u1ee3c thi\u1ebft k\u1ebf nh\u1eb1m h\u1ed7 tr\u1ee3 nh\u1eefng lu\u1eadt s\u01b0 m\u1edbi gia nh\u1eadp h\u00e3ng lu\u1eadt thu th\u1eadp ki\u1ebfn th\u1ee9c, r\u00e8n luy\u1ec7n k\u1ef9 n\u0103ng c\u0169ng nh\u01b0 th\u00e1i \u0111\u1ed9 l\u00e0m vi\u1ec7c, h\u00e0nh vi c\u1ea7n thi\u1ebft, t\u1ea1o \u0111i\u1ec1u ki\u1ec7n \u0111\u1ec3 c\u00e1c lu\u1eadt s\u01b0 tr\u1ebb n\u1ed7 l\u1ef1c tr\u1edf th\u00e0nh nh\u1eefng lu\u1eadt s\u01b0, nh\u1eefng th\u00e0nh vi\u00ean h\u00e0nh ngh\u1ec1 hi\u1ec7u qu\u1ea3 v\u00e0 g\u1eafn b\u00f3 v\u1edbi c\u00f4ng ty v\u00e0 v\u0103n h\u00f3a doanh nghi\u1ec7p c\u1ee7a ch\u00fang t\u00f4i.[\/vc_column_text][mk_padding_divider size=&#8221;20&#8243;][\/vc_column_inner][vc_column_inner el_class=&#8221;has-border-left&#8221; width=&#8221;1\/3&#8243;][mk_custom_box padding_vertical=&#8221;20&#8243; margin_bottom=&#8221;0&#8243; bg_color=&#8221;#f0f4f4&#8243;][mk_fancy_title color=&#8221;#223c7e&#8221; size=&#8221;18&#8243; font_weight=&#8221;600&#8243; margin_bottom=&#8221;0&#8243; font_family=&#8221;none&#8221; align=&#8221;center&#8221; el_class=&#8221;red-block-before&#8221;]\u1ee8ng tuy\u1ec3n[\/mk_fancy_title][vc_column_text align=&#8221;center&#8221; css=&#8221;.vc_custom_1607914772789{margin-bottom: 0px !important;padding-right: 40px !important;padding-left: 40px !important;}&#8221;]YKVN kh\u00f4ng ng\u1eebng t\u00ecm ki\u1ebfm nh\u1eefng sinh vi\u00ean lu\u1eadt, lu\u1eadt s\u01b0 v\u00e0 chuy\u00ean gia s\u00e1ng gi\u00e1 c\u00f3 \u0111\u1ea1o \u0111\u1ee9c l\u00e0m vi\u1ec7c v\u1eefng v\u00e0ng \u0111\u1ec3 tham gia v\u00e0o \u0111\u1ed9i ng\u0169 c\u1ee7a ch\u00fang t\u00f4i.[\/vc_column_text][vc_column_text align=&#8221;center&#8221; css=&#8221;.vc_custom_1615799374396{margin-bottom: 0px !important;}&#8221;]\n<p style=\"text-align: left;\"><strong>N\u1ebfu b\u1ea1n quan t\u00e2m \u0111\u1ebfn c\u00e1c c\u01a1 h\u1ed9i ngh\u1ec1 nghi\u1ec7p t\u1ea1i YKVN, vui l\u00f2ng li\u00ean h\u1ec7 v\u1edbi ch\u00fang t\u00f4i theo \u0111\u1ecba ch\u1ec9 <a href=\"mailto:recruit@ykvn-law.com\">recruit@ykvn-law.com<\/a> ho\u1eb7c t\u1ea1i b\u1ea5t k\u1ef3 <a href=\"https:\/\/ykvn-law.com\/vi\/offices\/\">v\u0103n ph\u00f2ng<\/a> n\u00e0o c\u1ee7a ch\u00fang t\u00f4i.<\/strong><\/p>\n[\/vc_column_text][\/mk_custom_box][\/vc_column_inner][\/vc_row_inner][\/vc_column][\/mk_page_section]\n<\/div>","protected":false},"excerpt":{"rendered":"<p>[mk_page_section bg_image=&#8221;https:\/\/ykvn-law.com\/wp-content\/uploads\/2019\/12\/join-us-1.png&#8221; bg_position=&#8221;center center&#8221; bg_repeat=&#8221;no-repeat&#8221; bg_stretch=&#8221;true&#8221; min_height=&#8221;450&#8243; padding_top=&#8221;0&#8243; el_class=&#8221;banner_zoom has-responsive-bg&#8221; sidebar=&#8221;sidebar-1&#8243;][vc_column][mk_custom_box padding_horizental=&#8221;50&#8243; margin_bottom=&#8221;0&#8243; el_class=&#8221;hero-box&#8221; bg_color=&#8221;rgba(255,255,255,0.5)&#8221;][mk_fancy_title tag_name=&#8221;span&#8221; color=&#8221;#004989&#8243; size=&#8221;24&#8243; font_weight=&#8221;400&#8243; font_style=&#8221;normal&#8221; txt_transform=&#8221;none&#8221; margin_bottom=&#8221;0&#8243; font_family=&#8221;none&#8221; responsive_align=&#8221;left&#8221; el_class=&#8221;mb-0 hero-block-before&#8221;] &#8220;Cam k\u1ebft d\u1ecbch v\u1ee5 ph\u00e1p l\u00fd xu\u1ea5t s\u1eafc&#8221; [\/mk_fancy_title][\/mk_custom_box][\/vc_column][\/mk_page_section][mk_page_section][vc_column][mk_padding_divider][vc_row_inner column_padding=&#8221;5&#8243;][vc_column_inner el_class=&#8221;spacing-right&#8221; width=&#8221;2\/3&#8243;][vc_column_text css=&#8221;.vc_custom_1604979077029{margin-bottom: 0px !important;}&#8221;] Ph\u00e1t tri\u1ec3n s\u1ef1 nghi\u1ec7p Vi\u1ec7c tuy\u1ec3n d\u1ee5ng nh\u1eefng sinh vi\u00ean lu\u1eadt tri\u1ec3n v\u1ecdng nh\u1ea5t [&hellip;]<\/p>\n","protected":false},"author":2,"featured_media":0,"parent":0,"menu_order":0,"comment_status":"closed","ping_status":"closed","template":"","meta":{"_acf_changed":false,"footnotes":""},"class_list":["post-2038","page","type-page","status-publish","hentry"],"acf":[],"yoast_head":"<!-- This site is optimized with the Yoast SEO plugin v25.3.1 - https:\/\/yoast.com\/wordpress\/plugins\/seo\/ -->\n<title>Gia nh\u1eadp YKVN - YKVN<\/title>\n<meta name=\"robots\" content=\"index, follow, max-snippet:-1, max-image-preview:large, max-video-preview:-1\" \/>\n<link rel=\"canonical\" href=\"https:\/\/ykvn-law.com\/vi\/join-ykvn\/\" \/>\n<meta property=\"og:locale\" content=\"vi_VN\" \/>\n<meta property=\"og:type\" content=\"article\" \/>\n<meta property=\"og:title\" content=\"Gia nh\u1eadp YKVN - YKVN\" \/>\n<meta property=\"og:description\" content=\"[mk_page_section bg_image=&#8221;https:\/\/ykvn-law.com\/wp-content\/uploads\/2019\/12\/join-us-1.png&#8221; bg_position=&#8221;center center&#8221; bg_repeat=&#8221;no-repeat&#8221; bg_stretch=&#8221;true&#8221; min_height=&#8221;450&#8243; padding_top=&#8221;0&#8243; el_class=&#8221;banner_zoom has-responsive-bg&#8221; sidebar=&#8221;sidebar-1&#8243;][vc_column][mk_custom_box padding_horizental=&#8221;50&#8243; margin_bottom=&#8221;0&#8243; el_class=&#8221;hero-box&#8221; bg_color=&#8221;rgba(255,255,255,0.5)&#8221;][mk_fancy_title tag_name=&#8221;span&#8221; color=&#8221;#004989&#8243; size=&#8221;24&#8243; font_weight=&#8221;400&#8243; font_style=&#8221;normal&#8221; txt_transform=&#8221;none&#8221; margin_bottom=&#8221;0&#8243; font_family=&#8221;none&#8221; responsive_align=&#8221;left&#8221; el_class=&#8221;mb-0 hero-block-before&#8221;] &#8220;Cam k\u1ebft d\u1ecbch v\u1ee5 ph\u00e1p l\u00fd xu\u1ea5t s\u1eafc&#8221; [\/mk_fancy_title][\/mk_custom_box][\/vc_column][\/mk_page_section][mk_page_section][vc_column][mk_padding_divider][vc_row_inner column_padding=&#8221;5&#8243;][vc_column_inner el_class=&#8221;spacing-right&#8221; width=&#8221;2\/3&#8243;][vc_column_text css=&#8221;.vc_custom_1604979077029{margin-bottom: 0px !important;}&#8221;] Ph\u00e1t tri\u1ec3n s\u1ef1 nghi\u1ec7p Vi\u1ec7c tuy\u1ec3n d\u1ee5ng nh\u1eefng sinh vi\u00ean lu\u1eadt tri\u1ec3n v\u1ecdng nh\u1ea5t [&hellip;]\" \/>\n<meta property=\"og:url\" content=\"https:\/\/ykvn-law.com\/vi\/join-ykvn\/\" \/>\n<meta property=\"og:site_name\" content=\"YKVN\" \/>\n<meta property=\"article:publisher\" content=\"https:\/\/www.facebook.com\/ykvnlawyers\" \/>\n<meta property=\"article:modified_time\" content=\"2021-03-15T09:09:38+00:00\" \/>\n<meta name=\"twitter:card\" content=\"summary_large_image\" \/>\n<meta name=\"twitter:label1\" content=\"Est. reading time\" \/>\n\t<meta name=\"twitter:data1\" content=\"7 minutes\" \/>\n<script type=\"application\/ld+json\" class=\"yoast-schema-graph\">{\"@context\":\"https:\/\/schema.org\",\"@graph\":[{\"@type\":\"WebPage\",\"@id\":\"https:\/\/ykvn-law.com\/vi\/join-ykvn\/\",\"url\":\"https:\/\/ykvn-law.com\/vi\/join-ykvn\/\",\"name\":\"Gia nh\u1eadp YKVN - YKVN\",\"isPartOf\":{\"@id\":\"https:\/\/ykvn-law.com\/vi\/#website\"},\"datePublished\":\"2019-10-28T08:18:55+00:00\",\"dateModified\":\"2021-03-15T09:09:38+00:00\",\"breadcrumb\":{\"@id\":\"https:\/\/ykvn-law.com\/vi\/join-ykvn\/#breadcrumb\"},\"inLanguage\":\"vi-VN\",\"potentialAction\":[{\"@type\":\"ReadAction\",\"target\":[\"https:\/\/ykvn-law.com\/vi\/join-ykvn\/\"]}]},{\"@type\":\"BreadcrumbList\",\"@id\":\"https:\/\/ykvn-law.com\/vi\/join-ykvn\/#breadcrumb\",\"itemListElement\":[{\"@type\":\"ListItem\",\"position\":1,\"name\":\"Home\",\"item\":\"https:\/\/ykvn-law.com\/vi\/\"},{\"@type\":\"ListItem\",\"position\":2,\"name\":\"Gia nh\u1eadp YKVN\"}]},{\"@type\":\"WebSite\",\"@id\":\"https:\/\/ykvn-law.com\/vi\/#website\",\"url\":\"https:\/\/ykvn-law.com\/vi\/\",\"name\":\"YKVN\",\"description\":\"\",\"publisher\":{\"@id\":\"https:\/\/ykvn-law.com\/vi\/#organization\"},\"potentialAction\":[{\"@type\":\"SearchAction\",\"target\":{\"@type\":\"EntryPoint\",\"urlTemplate\":\"https:\/\/ykvn-law.com\/vi\/?s={search_term_string}\"},\"query-input\":{\"@type\":\"PropertyValueSpecification\",\"valueRequired\":true,\"valueName\":\"search_term_string\"}}],\"inLanguage\":\"vi-VN\"},{\"@type\":\"Organization\",\"@id\":\"https:\/\/ykvn-law.com\/vi\/#organization\",\"name\":\"YKVN\",\"url\":\"https:\/\/ykvn-law.com\/vi\/\",\"logo\":{\"@type\":\"ImageObject\",\"inLanguage\":\"vi-VN\",\"@id\":\"https:\/\/ykvn-law.com\/vi\/#\/schema\/logo\/image\/\",\"url\":\"https:\/\/s3.ap-southeast-1.amazonaws.com\/ykvn-law.com\/wp-content\/uploads\/2019\/11\/ykvn-logo-for-design-gutters.png\",\"contentUrl\":\"https:\/\/s3.ap-southeast-1.amazonaws.com\/ykvn-law.com\/wp-content\/uploads\/2019\/11\/ykvn-logo-for-design-gutters.png\",\"width\":2571,\"height\":1649,\"caption\":\"YKVN\"},\"image\":{\"@id\":\"https:\/\/ykvn-law.com\/vi\/#\/schema\/logo\/image\/\"},\"sameAs\":[\"https:\/\/www.facebook.com\/ykvnlawyers\"]}]}<\/script>\n<!-- \/ Yoast SEO plugin. -->","yoast_head_json":{"title":"Gia nh\u1eadp YKVN - YKVN","robots":{"index":"index","follow":"follow","max-snippet":"max-snippet:-1","max-image-preview":"max-image-preview:large","max-video-preview":"max-video-preview:-1"},"canonical":"https:\/\/ykvn-law.com\/vi\/join-ykvn\/","og_locale":"vi_VN","og_type":"article","og_title":"Gia nh\u1eadp YKVN - YKVN","og_description":"[mk_page_section bg_image=&#8221;https:\/\/ykvn-law.com\/wp-content\/uploads\/2019\/12\/join-us-1.png&#8221; bg_position=&#8221;center center&#8221; bg_repeat=&#8221;no-repeat&#8221; bg_stretch=&#8221;true&#8221; min_height=&#8221;450&#8243; padding_top=&#8221;0&#8243; el_class=&#8221;banner_zoom has-responsive-bg&#8221; sidebar=&#8221;sidebar-1&#8243;][vc_column][mk_custom_box padding_horizental=&#8221;50&#8243; margin_bottom=&#8221;0&#8243; el_class=&#8221;hero-box&#8221; bg_color=&#8221;rgba(255,255,255,0.5)&#8221;][mk_fancy_title tag_name=&#8221;span&#8221; color=&#8221;#004989&#8243; size=&#8221;24&#8243; font_weight=&#8221;400&#8243; font_style=&#8221;normal&#8221; txt_transform=&#8221;none&#8221; margin_bottom=&#8221;0&#8243; font_family=&#8221;none&#8221; responsive_align=&#8221;left&#8221; el_class=&#8221;mb-0 hero-block-before&#8221;] &#8220;Cam k\u1ebft d\u1ecbch v\u1ee5 ph\u00e1p l\u00fd xu\u1ea5t s\u1eafc&#8221; [\/mk_fancy_title][\/mk_custom_box][\/vc_column][\/mk_page_section][mk_page_section][vc_column][mk_padding_divider][vc_row_inner column_padding=&#8221;5&#8243;][vc_column_inner el_class=&#8221;spacing-right&#8221; width=&#8221;2\/3&#8243;][vc_column_text css=&#8221;.vc_custom_1604979077029{margin-bottom: 0px !important;}&#8221;] Ph\u00e1t tri\u1ec3n s\u1ef1 nghi\u1ec7p Vi\u1ec7c tuy\u1ec3n d\u1ee5ng nh\u1eefng sinh vi\u00ean lu\u1eadt tri\u1ec3n v\u1ecdng nh\u1ea5t [&hellip;]","og_url":"https:\/\/ykvn-law.com\/vi\/join-ykvn\/","og_site_name":"YKVN","article_publisher":"https:\/\/www.facebook.com\/ykvnlawyers","article_modified_time":"2021-03-15T09:09:38+00:00","twitter_card":"summary_large_image","twitter_misc":{"Est. reading time":"7 minutes"},"schema":{"@context":"https:\/\/schema.org","@graph":[{"@type":"WebPage","@id":"https:\/\/ykvn-law.com\/vi\/join-ykvn\/","url":"https:\/\/ykvn-law.com\/vi\/join-ykvn\/","name":"Gia nh\u1eadp YKVN - YKVN","isPartOf":{"@id":"https:\/\/ykvn-law.com\/vi\/#website"},"datePublished":"2019-10-28T08:18:55+00:00","dateModified":"2021-03-15T09:09:38+00:00","breadcrumb":{"@id":"https:\/\/ykvn-law.com\/vi\/join-ykvn\/#breadcrumb"},"inLanguage":"vi-VN","potentialAction":[{"@type":"ReadAction","target":["https:\/\/ykvn-law.com\/vi\/join-ykvn\/"]}]},{"@type":"BreadcrumbList","@id":"https:\/\/ykvn-law.com\/vi\/join-ykvn\/#breadcrumb","itemListElement":[{"@type":"ListItem","position":1,"name":"Home","item":"https:\/\/ykvn-law.com\/vi\/"},{"@type":"ListItem","position":2,"name":"Gia nh\u1eadp YKVN"}]},{"@type":"WebSite","@id":"https:\/\/ykvn-law.com\/vi\/#website","url":"https:\/\/ykvn-law.com\/vi\/","name":"YKVN","description":"","publisher":{"@id":"https:\/\/ykvn-law.com\/vi\/#organization"},"potentialAction":[{"@type":"SearchAction","target":{"@type":"EntryPoint","urlTemplate":"https:\/\/ykvn-law.com\/vi\/?s={search_term_string}"},"query-input":{"@type":"PropertyValueSpecification","valueRequired":true,"valueName":"search_term_string"}}],"inLanguage":"vi-VN"},{"@type":"Organization","@id":"https:\/\/ykvn-law.com\/vi\/#organization","name":"YKVN","url":"https:\/\/ykvn-law.com\/vi\/","logo":{"@type":"ImageObject","inLanguage":"vi-VN","@id":"https:\/\/ykvn-law.com\/vi\/#\/schema\/logo\/image\/","url":"https:\/\/s3.ap-southeast-1.amazonaws.com\/ykvn-law.com\/wp-content\/uploads\/2019\/11\/ykvn-logo-for-design-gutters.png","contentUrl":"https:\/\/s3.ap-southeast-1.amazonaws.com\/ykvn-law.com\/wp-content\/uploads\/2019\/11\/ykvn-logo-for-design-gutters.png","width":2571,"height":1649,"caption":"YKVN"},"image":{"@id":"https:\/\/ykvn-law.com\/vi\/#\/schema\/logo\/image\/"},"sameAs":["https:\/\/www.facebook.com\/ykvnlawyers"]}]}},"_links":{"self":[{"href":"http:\/\/52.74.48.161\/vi\/wp-json\/wp\/v2\/pages\/2038","targetHints":{"allow":["GET"]}}],"collection":[{"href":"http:\/\/52.74.48.161\/vi\/wp-json\/wp\/v2\/pages"}],"about":[{"href":"http:\/\/52.74.48.161\/vi\/wp-json\/wp\/v2\/types\/page"}],"author":[{"embeddable":true,"href":"http:\/\/52.74.48.161\/vi\/wp-json\/wp\/v2\/users\/2"}],"replies":[{"embeddable":true,"href":"http:\/\/52.74.48.161\/vi\/wp-json\/wp\/v2\/comments?post=2038"}],"version-history":[{"count":0,"href":"http:\/\/52.74.48.161\/vi\/wp-json\/wp\/v2\/pages\/2038\/revisions"}],"wp:attachment":[{"href":"http:\/\/52.74.48.161\/vi\/wp-json\/wp\/v2\/media?parent=2038"}],"curies":[{"name":"wp","href":"https:\/\/api.w.org\/{rel}","templated":true}]}}