{"id":4767,"date":"2020-02-14T14:14:06","date_gmt":"2020-02-14T07:14:06","guid":{"rendered":"http:\/\/13.250.117.83\/offices\/singapore\/"},"modified":"2026-02-27T11:04:36","modified_gmt":"2026-02-27T04:04:36","slug":"singapore","status":"publish","type":"page","link":"http:\/\/52.74.48.161\/vi\/offices\/singapore\/","title":{"rendered":"Singapore"},"content":{"rendered":"<div class=\"wpb-content-wrapper\">[mk_page_section bg_position=&#8221;center top&#8221; bg_repeat=&#8221;no-repeat&#8221; bg_stretch=&#8221;true&#8221; min_height=&#8221;&#8221; full_width=&#8221;true&#8221; padding_top=&#8221;0&#8243; el_class=&#8221;h-o-video&#8221; sidebar=&#8221;sidebar-1&#8243;][vc_column][vc_column_text css=&#8221;.vc_custom_1700804568690{margin-bottom: 0px !important;}&#8221;]\n<div data-mode=\"normal\" data-provider=\"html5\" id=\"arve-html5-\" class=\"arve\">\n\t<div class=\"arve-inner\">\n\t\t<div style=\"aspect-ratio:3\/1\" class=\"arve-embed arve-embed--has-aspect-ratio\">\n\t\t\t<div class=\"arve-ar\" style=\"padding-top:33.333333%\"><\/div>\n\t\t\t<video autoplay class=\"arve-video fitvidsignore\" controls controlslist=\"\" data-arve=\"arve-html5-\" loop muted=\"muted by ARVE because autoplay is on\" onloadstart=\"this.volume=1\" preload=\"metadata\"><source type=\"video\/mp4\" src=\"https:\/\/ykvn-law.com\/wp-content\/uploads\/2023\/11\/singapore.mp4\"><\/video>\n\t\t\t\n\t\t<\/div>\n\t\t\n\t<\/div>\n\t\n\t\n\t<script type=\"application\/ld+json\">{\"@context\":\"http:\\\/\\\/schema.org\\\/\",\"@id\":\"http:\\\/\\\/52.74.48.161\\\/vi\\\/offices\\\/singapore\\\/#arve-html5-\",\"type\":\"VideoObject\",\"contentURL\":\"https:\\\/\\\/ykvn-law.com\\\/wp-content\\\/uploads\\\/2023\\\/11\\\/singapore.mp4\"}<\/script>\n<\/div>[\/vc_column_text][\/vc_column][\/mk_page_section][mk_page_section padding_top=&#8221;40&#8243; el_class=&#8221;location-section&#8221; sidebar=&#8221;sidebar-1&#8243;][vc_column width=&#8221;2\/3&#8243;][vc_column_text css=&#8221;.vc_custom_1581664135165{margin-bottom: 0px !important;}&#8221;]\n<h1>Singapore<\/h1>\n[\/vc_column_text][vc_column_text css=&#8221;.vc_custom_1702620662266{margin-bottom: 0px !important;}&#8221;]V\u0103n ph\u00f2ng YKVN t\u1ea1i Singapore \u0111\u01b0\u1ee3c th\u00e0nh l\u1eadp v\u00e0o n\u0103m 2011 v\u1edbi \u0111\u1ed9i ng\u0169 h\u01a1n 10 lu\u1eadt s\u01b0 c\u00f3 tr\u00ecnh \u0111\u1ed9 qu\u1ed1c t\u1ebf, trong \u0111\u00f3 c\u00f3 3 lu\u1eadt s\u01b0 th\u00e0nh vi\u00ean. \u200b<\/p>\n<p>Ngo\u00e0i c\u00e1c v\u1ea5n \u0111\u1ec1 v\u1ec1 doanh nghi\u1ec7p v\u00e0 mua b\u00e1n v\u00e0 s\u00e1p nh\u1eadp, v\u0103n ph\u00f2ng Singapore c\u1ee7a ch\u00fang t\u00f4i \u0111\u00f3ng vai tr\u00f2 ch\u1ee7 ch\u1ed1t trong c\u00e1c v\u1ee5 vi\u1ec7c tr\u1ecdng t\u00e0i quan tr\u1ecdng t\u1ea1i Vi\u1ec7t Nam v\u00e0 c\u00e1c v\u1ee5 vi\u1ec7c t\u1ed1 t\u1ee5ng qu\u1ed1c t\u1ebf li\u00ean quan \u0111\u1ebfn c\u00e1c b\u00ean Vi\u1ec7t Nam.[\/vc_column_text][mk_padding_divider size=&#8221;20&#8243;][vc_tta_accordion style=&#8221;outline&#8221; color=&#8221;white&#8221; c_icon=&#8221;chevron&#8221; active_section=&#8221;99&#8243; collapsible_all=&#8221;true&#8221;][vc_tta_section title=&#8221;\u0110\u1ed9i ng\u0169&#8221; tab_id=&#8221;team&#8221;][mk_employees custom_image_size=&#8221;true&#8221; image_size=&#8221;medium&#8221; rounded_image=&#8221;false&#8221; grayscale_image=&#8221;false&#8221; count=&#8221;-1&#8243; order=&#8221;ASC&#8221; orderby=&#8221;post__in&#8221; name_color=&#8221;#223c7e&#8221; position_color=&#8221;#223c7e&#8221; about_color=&#8221;#706f6f&#8221; categories=&#8221;singapore&#8221; employees=&#8221;4545, 4522, 4530, 4477, 4479&#8243;][\/vc_tta_section][\/vc_tta_accordion][mk_padding_divider][\/vc_column][vc_column width=&#8221;1\/3&#8243;][mk_fancy_title size=&#8221;24&#8243; font_weight=&#8221;600&#8243; margin_bottom=&#8221;0&#8243; font_family=&#8221;none&#8221; el_class=&#8221;red-block-before&#8221;]Li\u00ean h\u1ec7[\/mk_fancy_title][vc_row_inner el_class=&#8221;location-contant-row&#8221;][vc_column_inner width=&#8221;5\/12&#8243;][vc_single_image image=&#8221;16631&#8243; img_size=&#8221;&#8221; css=&#8221;&#8221; el_class=&#8221;contact-img&#8221;][\/vc_column_inner][vc_column_inner width=&#8221;7\/12&#8243;][vc_column_text css=&#8221;.vc_custom_1772164965584{margin-bottom: 0px !important;}&#8221;]\n<h4>Ph\u1ea1m Minh Th\u1eafng<\/h4>\n[\/vc_column_text][vc_column_text css=&#8221;.vc_custom_1772165016482{margin-bottom: 0px !important;}&#8221;]<strong>Lu\u1eadt S\u01b0 Th\u00e0nh Vi\u00ean<br \/>\nLu\u1eadt s\u01b0 ph\u1ee5 tr\u00e1ch v\u0103n ph\u00f2ng Singapore<\/strong>[\/vc_column_text][vc_column_text css=&#8221;.vc_custom_1772165048483{margin-bottom: 0px !important;}&#8221;]<a href=\"mobile:6597351987\">m. (65) <\/a><a href=\"mobile:6569082480\">6908 2480<\/a><br \/>\n<a href=\"mailto:thang.pham@ykvn-law.com\">thang.pham@ykvn-law.com<\/a>[\/vc_column_text][\/vc_column_inner][\/vc_row_inner][mk_padding_divider size=&#8221;20&#8243;][vc_row_inner el_class=&#8221;location-contant-row&#8221;][vc_column_inner width=&#8221;5\/12&#8243;][vc_single_image image=&#8221;12229&#8243; img_size=&#8221;&#8221; el_class=&#8221;contact-img&#8221;][\/vc_column_inner][vc_column_inner width=&#8221;7\/12&#8243;][vc_column_text css=&#8221;.vc_custom_1609822251425{margin-bottom: 0px !important;}&#8221;]\n<h4>\u0110\u1ed7 Kh\u00f4i Nguy\u00ean<\/h4>\n[\/vc_column_text][vc_column_text css=&#8221;.vc_custom_1611050590182{margin-bottom: 0px !important;}&#8221;]<strong>Lu\u1eadt S\u01b0 Th\u00e0nh Vi\u00ean<\/strong>[\/vc_column_text][vc_column_text css=&#8221;.vc_custom_1755227259589{margin-bottom: 0px !important;}&#8221;]<a href=\"tel:6569082489\">m. (65) <\/a><a href=\"mobile:6583079552\">8307 9552<\/a><br \/>\n<a href=\"mailto:nguyen.do@ykvn-law.com\">nguyen.do@ykvn-law.com<\/a>[\/vc_column_text][\/vc_column_inner][\/vc_row_inner][mk_padding_divider size=&#8221;20&#8243;][mk_fancy_title size=&#8221;24&#8243; font_weight=&#8221;600&#8243; margin_bottom=&#8221;10&#8243; font_family=&#8221;none&#8221;]V\u0103n ph\u00f2ng[\/mk_fancy_title][vc_gmaps link=&#8221;#E-8_JTNDaWZyYW1lJTIwc3JjJTNEJTIyaHR0cHMlM0ElMkYlMkZ3d3cuZ29vZ2xlLmNvbSUyRm1hcHMlMkZlbWJlZCUzRnBiJTNEJTIxMW0xOCUyMTFtMTIlMjExbTMlMjExZDM5ODguODE4MDQwNDcyNTIxNyUyMTJkMTAzLjg0OTg0MTcxNTQxODI4JTIxM2QxLjI4MzAxMjU2MjE0MjMxNTQlMjEybTMlMjExZjAlMjEyZjAlMjEzZjAlMjEzbTIlMjExaTEwMjQlMjEyaTc2OCUyMTRmMTMuMSUyMTNtMyUyMTFtMiUyMTFzMHgzMWRhMTkwZWViNGJhNjI1JTI1M0EweGU0ZGE5MGFmZTM0N2IwYzQlMjEyc1lLVk4lMjE1ZTAlMjEzbTIlMjExc2VuJTIxMnMlMjE0djE1NzQ5MjgzNzQ0MDIlMjE1bTIlMjExc2VuJTIxMnMlMjIlMjAlMjBmcmFtZWJvcmRlciUzRCUyMjAlMjIlMjBzdHlsZSUzRCUyMmJvcmRlciUzQTAlM0IlMjIlMjBhbGxvd2Z1bGxzY3JlZW4lM0QlMjIlMjIlM0UlM0MlMkZpZnJhbWUlM0U=&#8221; size=&#8221;250&#8243;][vc_column_text css=&#8221;.vc_custom_1755053190237{margin-bottom: 0px !important;}&#8221;]Suite 35-08 Ocean Financial Centre<br \/>\n10 Collyer Quay<br \/>\nSingapore 049315<br \/>\nTel: (65) 6908 2480[\/vc_column_text][mk_padding_divider][\/vc_column][\/mk_page_section]\n<\/div>","protected":false},"excerpt":{"rendered":"<p>[mk_page_section bg_position=&#8221;center top&#8221; bg_repeat=&#8221;no-repeat&#8221; bg_stretch=&#8221;true&#8221; min_height=&#8221;&#8221; full_width=&#8221;true&#8221; padding_top=&#8221;0&#8243; el_class=&#8221;h-o-video&#8221; sidebar=&#8221;sidebar-1&#8243;][vc_column][vc_column_text css=&#8221;.vc_custom_1700804568690{margin-bottom: 0px !important;}&#8221;][\/vc_column_text][\/vc_column][\/mk_page_section][mk_page_section padding_top=&#8221;40&#8243; el_class=&#8221;location-section&#8221; sidebar=&#8221;sidebar-1&#8243;][vc_column width=&#8221;2\/3&#8243;][vc_column_text css=&#8221;.vc_custom_1581664135165{margin-bottom: 0px !important;}&#8221;] Singapore [\/vc_column_text][vc_column_text css=&#8221;.vc_custom_1702620662266{margin-bottom: 0px !important;}&#8221;]V\u0103n ph\u00f2ng YKVN t\u1ea1i Singapore \u0111\u01b0\u1ee3c th\u00e0nh l\u1eadp v\u00e0o n\u0103m 2011 v\u1edbi \u0111\u1ed9i ng\u0169 h\u01a1n 10 lu\u1eadt s\u01b0 c\u00f3 tr\u00ecnh \u0111\u1ed9 qu\u1ed1c t\u1ebf, trong \u0111\u00f3 c\u00f3 3 lu\u1eadt s\u01b0 th\u00e0nh vi\u00ean. [&hellip;]<\/p>\n","protected":false},"author":2,"featured_media":0,"parent":2049,"menu_order":0,"comment_status":"closed","ping_status":"closed","template":"","meta":{"_acf_changed":false,"footnotes":""},"class_list":["post-4767","page","type-page","status-publish","hentry"],"acf":[],"yoast_head":"<!-- This site is optimized with the Yoast SEO plugin v25.3.1 - https:\/\/yoast.com\/wordpress\/plugins\/seo\/ -->\n<title>Singapore - YKVN<\/title>\n<meta name=\"robots\" content=\"index, follow, max-snippet:-1, max-image-preview:large, max-video-preview:-1\" \/>\n<link rel=\"canonical\" href=\"https:\/\/ykvn-law.com\/vi\/offices\/singapore\/\" \/>\n<meta property=\"og:locale\" content=\"vi_VN\" \/>\n<meta property=\"og:type\" content=\"article\" \/>\n<meta property=\"og:title\" content=\"Singapore - YKVN\" \/>\n<meta property=\"og:description\" content=\"[mk_page_section bg_position=&#8221;center top&#8221; bg_repeat=&#8221;no-repeat&#8221; bg_stretch=&#8221;true&#8221; min_height=&#8221;&#8221; full_width=&#8221;true&#8221; padding_top=&#8221;0&#8243; el_class=&#8221;h-o-video&#8221; sidebar=&#8221;sidebar-1&#8243;][vc_column][vc_column_text css=&#8221;.vc_custom_1700804568690{margin-bottom: 0px !important;}&#8221;][\/vc_column_text][\/vc_column][\/mk_page_section][mk_page_section padding_top=&#8221;40&#8243; el_class=&#8221;location-section&#8221; sidebar=&#8221;sidebar-1&#8243;][vc_column width=&#8221;2\/3&#8243;][vc_column_text css=&#8221;.vc_custom_1581664135165{margin-bottom: 0px !important;}&#8221;] Singapore [\/vc_column_text][vc_column_text css=&#8221;.vc_custom_1702620662266{margin-bottom: 0px !important;}&#8221;]V\u0103n ph\u00f2ng YKVN t\u1ea1i Singapore \u0111\u01b0\u1ee3c th\u00e0nh l\u1eadp v\u00e0o n\u0103m 2011 v\u1edbi \u0111\u1ed9i ng\u0169 h\u01a1n 10 lu\u1eadt s\u01b0 c\u00f3 tr\u00ecnh \u0111\u1ed9 qu\u1ed1c t\u1ebf, trong \u0111\u00f3 c\u00f3 3 lu\u1eadt s\u01b0 th\u00e0nh vi\u00ean. [&hellip;]\" \/>\n<meta property=\"og:url\" content=\"https:\/\/ykvn-law.com\/vi\/offices\/singapore\/\" \/>\n<meta property=\"og:site_name\" content=\"YKVN\" \/>\n<meta property=\"article:publisher\" content=\"https:\/\/www.facebook.com\/ykvnlawyers\" \/>\n<meta property=\"article:modified_time\" content=\"2026-02-27T04:04:36+00:00\" \/>\n<meta name=\"twitter:card\" content=\"summary_large_image\" \/>\n<meta name=\"twitter:label1\" content=\"Est. reading time\" \/>\n\t<meta name=\"twitter:data1\" content=\"2 minutes\" \/>\n<script type=\"application\/ld+json\" class=\"yoast-schema-graph\">{\"@context\":\"https:\/\/schema.org\",\"@graph\":[{\"@type\":\"WebPage\",\"@id\":\"https:\/\/ykvn-law.com\/vi\/offices\/singapore\/\",\"url\":\"https:\/\/ykvn-law.com\/vi\/offices\/singapore\/\",\"name\":\"Singapore - YKVN\",\"isPartOf\":{\"@id\":\"https:\/\/ykvn-law.com\/vi\/#website\"},\"datePublished\":\"2020-02-14T07:14:06+00:00\",\"dateModified\":\"2026-02-27T04:04:36+00:00\",\"breadcrumb\":{\"@id\":\"https:\/\/ykvn-law.com\/vi\/offices\/singapore\/#breadcrumb\"},\"inLanguage\":\"vi-VN\",\"potentialAction\":[{\"@type\":\"ReadAction\",\"target\":[\"https:\/\/ykvn-law.com\/vi\/offices\/singapore\/\"]}]},{\"@type\":\"BreadcrumbList\",\"@id\":\"https:\/\/ykvn-law.com\/vi\/offices\/singapore\/#breadcrumb\",\"itemListElement\":[{\"@type\":\"ListItem\",\"position\":1,\"name\":\"Home\",\"item\":\"https:\/\/ykvn-law.com\/vi\/\"},{\"@type\":\"ListItem\",\"position\":2,\"name\":\"V\u0103n Ph\u00f2ng\",\"item\":\"https:\/\/ykvn-law.com\/vi\/offices\/\"},{\"@type\":\"ListItem\",\"position\":3,\"name\":\"Singapore\"}]},{\"@type\":\"WebSite\",\"@id\":\"https:\/\/ykvn-law.com\/vi\/#website\",\"url\":\"https:\/\/ykvn-law.com\/vi\/\",\"name\":\"YKVN\",\"description\":\"\",\"publisher\":{\"@id\":\"https:\/\/ykvn-law.com\/vi\/#organization\"},\"potentialAction\":[{\"@type\":\"SearchAction\",\"target\":{\"@type\":\"EntryPoint\",\"urlTemplate\":\"https:\/\/ykvn-law.com\/vi\/?s={search_term_string}\"},\"query-input\":{\"@type\":\"PropertyValueSpecification\",\"valueRequired\":true,\"valueName\":\"search_term_string\"}}],\"inLanguage\":\"vi-VN\"},{\"@type\":\"Organization\",\"@id\":\"https:\/\/ykvn-law.com\/vi\/#organization\",\"name\":\"YKVN\",\"url\":\"https:\/\/ykvn-law.com\/vi\/\",\"logo\":{\"@type\":\"ImageObject\",\"inLanguage\":\"vi-VN\",\"@id\":\"https:\/\/ykvn-law.com\/vi\/#\/schema\/logo\/image\/\",\"url\":\"https:\/\/s3.ap-southeast-1.amazonaws.com\/ykvn-law.com\/wp-content\/uploads\/2019\/11\/ykvn-logo-for-design-gutters.png\",\"contentUrl\":\"https:\/\/s3.ap-southeast-1.amazonaws.com\/ykvn-law.com\/wp-content\/uploads\/2019\/11\/ykvn-logo-for-design-gutters.png\",\"width\":2571,\"height\":1649,\"caption\":\"YKVN\"},\"image\":{\"@id\":\"https:\/\/ykvn-law.com\/vi\/#\/schema\/logo\/image\/\"},\"sameAs\":[\"https:\/\/www.facebook.com\/ykvnlawyers\"]}]}<\/script>\n<!-- \/ Yoast SEO plugin. -->","yoast_head_json":{"title":"Singapore - YKVN","robots":{"index":"index","follow":"follow","max-snippet":"max-snippet:-1","max-image-preview":"max-image-preview:large","max-video-preview":"max-video-preview:-1"},"canonical":"https:\/\/ykvn-law.com\/vi\/offices\/singapore\/","og_locale":"vi_VN","og_type":"article","og_title":"Singapore - YKVN","og_description":"[mk_page_section bg_position=&#8221;center top&#8221; bg_repeat=&#8221;no-repeat&#8221; bg_stretch=&#8221;true&#8221; min_height=&#8221;&#8221; full_width=&#8221;true&#8221; padding_top=&#8221;0&#8243; el_class=&#8221;h-o-video&#8221; sidebar=&#8221;sidebar-1&#8243;][vc_column][vc_column_text css=&#8221;.vc_custom_1700804568690{margin-bottom: 0px !important;}&#8221;][\/vc_column_text][\/vc_column][\/mk_page_section][mk_page_section padding_top=&#8221;40&#8243; el_class=&#8221;location-section&#8221; sidebar=&#8221;sidebar-1&#8243;][vc_column width=&#8221;2\/3&#8243;][vc_column_text css=&#8221;.vc_custom_1581664135165{margin-bottom: 0px !important;}&#8221;] Singapore [\/vc_column_text][vc_column_text css=&#8221;.vc_custom_1702620662266{margin-bottom: 0px !important;}&#8221;]V\u0103n ph\u00f2ng YKVN t\u1ea1i Singapore \u0111\u01b0\u1ee3c th\u00e0nh l\u1eadp v\u00e0o n\u0103m 2011 v\u1edbi \u0111\u1ed9i ng\u0169 h\u01a1n 10 lu\u1eadt s\u01b0 c\u00f3 tr\u00ecnh \u0111\u1ed9 qu\u1ed1c t\u1ebf, trong \u0111\u00f3 c\u00f3 3 lu\u1eadt s\u01b0 th\u00e0nh vi\u00ean. [&hellip;]","og_url":"https:\/\/ykvn-law.com\/vi\/offices\/singapore\/","og_site_name":"YKVN","article_publisher":"https:\/\/www.facebook.com\/ykvnlawyers","article_modified_time":"2026-02-27T04:04:36+00:00","twitter_card":"summary_large_image","twitter_misc":{"Est. reading time":"2 minutes"},"schema":{"@context":"https:\/\/schema.org","@graph":[{"@type":"WebPage","@id":"https:\/\/ykvn-law.com\/vi\/offices\/singapore\/","url":"https:\/\/ykvn-law.com\/vi\/offices\/singapore\/","name":"Singapore - YKVN","isPartOf":{"@id":"https:\/\/ykvn-law.com\/vi\/#website"},"datePublished":"2020-02-14T07:14:06+00:00","dateModified":"2026-02-27T04:04:36+00:00","breadcrumb":{"@id":"https:\/\/ykvn-law.com\/vi\/offices\/singapore\/#breadcrumb"},"inLanguage":"vi-VN","potentialAction":[{"@type":"ReadAction","target":["https:\/\/ykvn-law.com\/vi\/offices\/singapore\/"]}]},{"@type":"BreadcrumbList","@id":"https:\/\/ykvn-law.com\/vi\/offices\/singapore\/#breadcrumb","itemListElement":[{"@type":"ListItem","position":1,"name":"Home","item":"https:\/\/ykvn-law.com\/vi\/"},{"@type":"ListItem","position":2,"name":"V\u0103n Ph\u00f2ng","item":"https:\/\/ykvn-law.com\/vi\/offices\/"},{"@type":"ListItem","position":3,"name":"Singapore"}]},{"@type":"WebSite","@id":"https:\/\/ykvn-law.com\/vi\/#website","url":"https:\/\/ykvn-law.com\/vi\/","name":"YKVN","description":"","publisher":{"@id":"https:\/\/ykvn-law.com\/vi\/#organization"},"potentialAction":[{"@type":"SearchAction","target":{"@type":"EntryPoint","urlTemplate":"https:\/\/ykvn-law.com\/vi\/?s={search_term_string}"},"query-input":{"@type":"PropertyValueSpecification","valueRequired":true,"valueName":"search_term_string"}}],"inLanguage":"vi-VN"},{"@type":"Organization","@id":"https:\/\/ykvn-law.com\/vi\/#organization","name":"YKVN","url":"https:\/\/ykvn-law.com\/vi\/","logo":{"@type":"ImageObject","inLanguage":"vi-VN","@id":"https:\/\/ykvn-law.com\/vi\/#\/schema\/logo\/image\/","url":"https:\/\/s3.ap-southeast-1.amazonaws.com\/ykvn-law.com\/wp-content\/uploads\/2019\/11\/ykvn-logo-for-design-gutters.png","contentUrl":"https:\/\/s3.ap-southeast-1.amazonaws.com\/ykvn-law.com\/wp-content\/uploads\/2019\/11\/ykvn-logo-for-design-gutters.png","width":2571,"height":1649,"caption":"YKVN"},"image":{"@id":"https:\/\/ykvn-law.com\/vi\/#\/schema\/logo\/image\/"},"sameAs":["https:\/\/www.facebook.com\/ykvnlawyers"]}]}},"_links":{"self":[{"href":"http:\/\/52.74.48.161\/vi\/wp-json\/wp\/v2\/pages\/4767","targetHints":{"allow":["GET"]}}],"collection":[{"href":"http:\/\/52.74.48.161\/vi\/wp-json\/wp\/v2\/pages"}],"about":[{"href":"http:\/\/52.74.48.161\/vi\/wp-json\/wp\/v2\/types\/page"}],"author":[{"embeddable":true,"href":"http:\/\/52.74.48.161\/vi\/wp-json\/wp\/v2\/users\/2"}],"replies":[{"embeddable":true,"href":"http:\/\/52.74.48.161\/vi\/wp-json\/wp\/v2\/comments?post=4767"}],"version-history":[{"count":14,"href":"http:\/\/52.74.48.161\/vi\/wp-json\/wp\/v2\/pages\/4767\/revisions"}],"predecessor-version":[{"id":16637,"href":"http:\/\/52.74.48.161\/vi\/wp-json\/wp\/v2\/pages\/4767\/revisions\/16637"}],"up":[{"embeddable":true,"href":"http:\/\/52.74.48.161\/vi\/wp-json\/wp\/v2\/pages\/2049"}],"wp:attachment":[{"href":"http:\/\/52.74.48.161\/vi\/wp-json\/wp\/v2\/media?parent=4767"}],"curies":[{"name":"wp","href":"https:\/\/api.w.org\/{rel}","templated":true}]}}